{"id":1741,"date":"2018-12-14T15:55:35","date_gmt":"2018-12-14T15:55:35","guid":{"rendered":"https:\/\/demo.gloriathemes.com\/eventchamp\/demo\/?page_id=1741"},"modified":"2024-10-17T16:30:01","modified_gmt":"2024-10-17T13:30:01","slug":"terms-and-conditions","status":"publish","type":"page","link":"https:\/\/www.icffair.com\/tr\/terms-and-conditions\/","title":{"rendered":"H\u00fck\u00fcm ve Ko\u015fullar"},"content":{"rendered":"<div class=\"wpb-content-wrapper\"><div class=\"vc_row wpb_row vc_row-fluid gt-background-position-initial gt-background-attachment-initial gt-overflow-hidden gt-text-default\"><div class=\"wpb_column vc_column_container vc_col-sm-2\"><div class=\"vc_column-inner\"><div class=\"wpb_wrapper\"><\/div><\/div><\/div><div class=\"wpb_column vc_column_container vc_col-sm-8\"><div class=\"vc_column-inner\"><div class=\"wpb_wrapper\">\n\t<div class=\"wpb_text_column wpb_content_element\" >\n\t\t<div class=\"wpb_wrapper\">\n\t\t\t<p>Please read these terms and conditions (&#8220;terms and conditions&#8221;, &#8220;terms&#8221;) carefully before using https:\/\/www.icffair.com website (\u201cwebsite\u201d, &#8220;service&#8221;) operated by ICF Fairs &amp; Org. (&#8220;us&#8221;, &#8216;we&#8221;, &#8220;our&#8221;).<\/p>\n<p><strong>Conditions of use<\/strong><\/p>\n<p>By using this website, you certify that you have read and reviewed this Agreement and that you agree to comply with its terms. If you do not want to be bound by the terms of this Agreement, you are advised to stop using the website accordingly. ICF Fairs &amp; Org. only grants use and access of this website, its products, and its services to those who have accepted its terms.<\/p>\n<p><strong>Privacy policy<\/strong><\/p>\n<p>Before you continue using our website, we advise you to read our privacy policy https:\/\/www.icffair.com\/privacy-policy regarding our user data collection. It will help you better understand our practices.<\/p>\n<p><strong>Age restriction<\/strong><\/p>\n<p>You must be at least 18 (eighteen) years of age before you can use this website. By using this website, you warrant that you are at least 18 years of age and you may legally adhere to this Agreement. ICF Fairs &amp; Org. assumes no responsibility for liabilities related to age misrepresentation.<\/p>\n<p><strong>Intellectual property<\/strong><\/p>\n<p>You agree that all materials, products, and services provided on this website are the property of ICF Fairs &amp; Org., its affiliates, directors, officers, employees, agents, suppliers, or licensors including all copyrights, trade secrets, trademarks, patents, and other intellectual property. You also agree that you will not reproduce or redistribute the ICF Fairs &amp; Org.\u2019s intellectual property in any way, including electronic, digital, or new trademark registrations.<\/p>\n<p>You grant ICF Fairs &amp; Org. \u00a0a royalty-free and non-exclusive license to display, use, copy, transmit, and broadcast the content you upload and publish. For issues regarding intellectual property claims, you should contact the company in order to come to an agreement.<\/p>\n<p><img loading=\"lazy\" decoding=\"async\" class=\"aligncenter wp-image-4189 size-full\" src=\"https:\/\/www.icffair.com\/wp-content\/uploads\/2024\/10\/terms.jpg\" alt=\"\" width=\"1024\" height=\"682\" srcset=\"https:\/\/www.icffair.com\/wp-content\/uploads\/2024\/10\/terms.jpg 1024w, https:\/\/www.icffair.com\/wp-content\/uploads\/2024\/10\/terms-300x200.jpg 300w, https:\/\/www.icffair.com\/wp-content\/uploads\/2024\/10\/terms-768x512.jpg 768w, https:\/\/www.icffair.com\/wp-content\/uploads\/2024\/10\/terms-18x12.jpg 18w, https:\/\/www.icffair.com\/wp-content\/uploads\/2024\/10\/terms-600x400.jpg 600w\" sizes=\"auto, (max-width: 1024px) 100vw, 1024px\" \/><\/p>\n<p><strong>User accounts<\/strong><\/p>\n<p>As a user of this website, you may be asked to register with us and provide private information. You are responsible for ensuring the accuracy of this information, and you are responsible for maintaining the safety and security of your identifying information. You are also responsible for all activities that occur under your account or password.<\/p>\n<p>If you think there are any possible issues regarding the security of your account on the website, inform us immediately so we may address them accordingly.<\/p>\n<p>We reserve all rights to terminate accounts, edit or remove content and cancel orders at our sole discretion.<\/p>\n<p><strong>Applicable law<\/strong><\/p>\n<p>By using this website, you agree that the laws of the Republic of T\u00fcrkiye, without regard to principles of conflict laws, will govern these terms and conditions, or any dispute of any sort that might come between ICF Fairs &amp; Org. and you, or its business partners and associates.<\/p>\n<p><strong>Disputes<\/strong><\/p>\n<p>Any dispute related in any way to your use of this website or to products you purchase from us shall be arbitrated by courts of Republic of T\u00fcrkiye and you consent to exclusive jurisdiction and venue of such courts.<\/p>\n<p><strong>Indemnification<\/strong><\/p>\n<p>You agree to indemnify ICF Fairs &amp; Org. and its affiliates and hold ICF Fairs &amp; Org. harmless against legal claims and demands that may arise from your use or misuse of our services. We reserve the right to select our own legal counsel.<\/p>\n<p><strong>Limitation on liability<\/strong><\/p>\n<p>ICF Fairs &amp; Org. is not liable for any damages that may occur to you as a result of your misuse of our website.<\/p>\n<p>ICF Fairs &amp; Org. reserves the right to edit, modify, and change this Agreement at any time. We shall let our users know of these changes through electronic mail. This Agreement is an understanding between ICF Fairs &amp; Org. \u00a0and the user, and this supersedes and replaces all prior agreements regarding the use of this website.<\/p>\n\n\t\t<\/div>\n\t<\/div>\n<\/div><\/div><\/div><div class=\"wpb_column vc_column_container vc_col-sm-2\"><div class=\"vc_column-inner\"><div class=\"wpb_wrapper\"><\/div><\/div><\/div><\/div>\n<\/div>","protected":false},"excerpt":{"rendered":"Please read these terms and conditions (\"terms and conditions\", \"terms\") carefully before using https:\/\/www.icffair.com website (\u201cwebsite\u201d, \"service\") operated by ICF Fairs &amp; Org. (\"us\", 'we\", \"our\"). Conditions of use By using this website, you certify that you have read and...","protected":false},"author":2,"featured_media":0,"parent":0,"menu_order":0,"comment_status":"closed","ping_status":"closed","template":"","meta":{"footnotes":""},"class_list":["post-1741","page","type-page","status-publish","hentry"],"_links":{"self":[{"href":"https:\/\/www.icffair.com\/tr\/wp-json\/wp\/v2\/pages\/1741","targetHints":{"allow":["GET"]}}],"collection":[{"href":"https:\/\/www.icffair.com\/tr\/wp-json\/wp\/v2\/pages"}],"about":[{"href":"https:\/\/www.icffair.com\/tr\/wp-json\/wp\/v2\/types\/page"}],"author":[{"embeddable":true,"href":"https:\/\/www.icffair.com\/tr\/wp-json\/wp\/v2\/users\/2"}],"replies":[{"embeddable":true,"href":"https:\/\/www.icffair.com\/tr\/wp-json\/wp\/v2\/comments?post=1741"}],"version-history":[{"count":2,"href":"https:\/\/www.icffair.com\/tr\/wp-json\/wp\/v2\/pages\/1741\/revisions"}],"predecessor-version":[{"id":4190,"href":"https:\/\/www.icffair.com\/tr\/wp-json\/wp\/v2\/pages\/1741\/revisions\/4190"}],"wp:attachment":[{"href":"https:\/\/www.icffair.com\/tr\/wp-json\/wp\/v2\/media?parent=1741"}],"curies":[{"name":"wp","href":"https:\/\/api.w.org\/{rel}","templated":true}]}}