{"id":1569,"date":"2018-12-08T11:00:35","date_gmt":"2018-12-08T11:00:35","guid":{"rendered":"https:\/\/demo.gloriathemes.com\/eventchamp\/demo\/?page_id=1569"},"modified":"2024-10-17T16:48:22","modified_gmt":"2024-10-17T13:48:22","slug":"about-us","status":"publish","type":"page","link":"https:\/\/www.icffair.com\/tr\/about-us\/","title":{"rendered":"Hakk\u0131m\u0131zda"},"content":{"rendered":"<div class=\"wpb-content-wrapper\"><div class=\"vc_row wpb_row vc_row-fluid gt-background-position-initial gt-background-attachment-initial gt-overflow-hidden gt-text-default\"><div class=\"wpb_column vc_column_container vc_col-sm-12 vc_col-lg-1 vc_col-md-1 vc_col-xs-12\"><div class=\"vc_column-inner\"><div class=\"wpb_wrapper\"><\/div><\/div><\/div><div class=\"wpb_column vc_column_container vc_col-sm-12 vc_col-lg-10 vc_col-md-10 vc_col-xs-12\"><div class=\"vc_column-inner\"><div class=\"wpb_wrapper\"><div class=\"gt-heading gt-dark gt-size2 gt-align-center\"><div class=\"gt-title\">B\u00fcy\u00fcyen T\u00fcrkiye ekonomisinde sa\u011flam bir yer edinmek i\u00e7in ufkunu geni\u015fletmek isteyenlere diyoruz ki: <span>\"Elele, s\u0131n\u0131rlar\u0131n \u00f6tesine!\"<\/span><\/div><div class=\"gt-separate\"><div class=\"gt-icon\"><svg xmlns=\"http:\/\/www.w3.org\/2000\/svg\" width=\"24\" height=\"24\" viewbox=\"0 0 24 24\" fill=\"none\" stroke=\"currentColor\" stroke-width=\"2\" stroke-linecap=\"round\" stroke-linejoin=\"round\"><line x1=\"16.5\" y1=\"9.4\" x2=\"7.5\" y2=\"4.21\"><\/line><path d=\"M21 16V8a2 2 0 0 0-1-1.73l-7-4a2 2 0 0 0-2 0l-7 4A2 2 0 0 0 3 8v8a2 2 0 0 0 1 1.73l7 4a2 2 0 0 0 2 0l7-4A2 2 0 0 0 21 16z\"><\/path><polyline points=\"3.27 6.96 12 12.01 20.73 6.96\"><\/polyline><line x1=\"12\" y1=\"22.08\" x2=\"12\" y2=\"12\"><\/line><\/svg><\/div><\/div><\/div><div class=\"vc_empty_space\"   style=\"height: 45px\"><span class=\"vc_empty_space_inner\"><\/span><\/div><\/div><\/div><\/div><div class=\"wpb_column vc_column_container vc_col-sm-12 vc_col-lg-1 vc_col-md-1 vc_col-xs-12\"><div class=\"vc_column-inner\"><div class=\"wpb_wrapper\"><\/div><\/div><\/div><\/div><div class=\"vc_row wpb_row vc_row-fluid gt-background-position-initial gt-background-attachment-initial gt-overflow-hidden gt-text-default\"><div class=\"wpb_column vc_column_container vc_col-sm-12 vc_col-lg-1 vc_col-md-1 vc_hidden-sm vc_col-xs-12 vc_hidden-xs\"><div class=\"vc_column-inner\"><div class=\"wpb_wrapper\"><\/div><\/div><\/div><div class=\"wpb_column vc_column_container vc_col-sm-12 vc_col-lg-10 vc_col-md-10 vc_hidden-sm vc_col-xs-12 vc_hidden-xs\"><div class=\"vc_column-inner\"><div class=\"wpb_wrapper\">\n\t<div class=\"wpb_text_column wpb_content_element vc_custom_1729172279657\" >\n\t\t<div class=\"wpb_wrapper\">\n\t\t\t<p style=\"opacity: 0.8; font-size: 1.077rem; text-align: center;\">Global ekonomide yerel yap\u0131lanmalar\u0131 sa\u011flamla\u015ft\u0131rmak ya da geli\u015ftirmek i\u00e7in uluslararas\u0131 pazarlara a\u00e7\u0131lma gereksinimi ka\u00e7\u0131n\u0131lmazd\u0131r. Bu i\u015f f\u0131rsatlar\u0131n\u0131 yakalamak ise bire bir ili\u015fkiler kurmaktan ge\u00e7er ki fuarlar bu alanda tart\u0131\u015fmas\u0131z \u00fcst\u00fcnl\u00fcklerini s\u00fcrd\u00fcrmektedirler.<\/p>\n\n\t\t<\/div>\n\t<\/div>\n<div class=\"vc_empty_space\"   style=\"height: 105px\"><span class=\"vc_empty_space_inner\"><\/span><\/div><\/div><\/div><\/div><div class=\"wpb_column vc_column_container vc_col-sm-12 vc_col-lg-1 vc_col-md-1 vc_hidden-sm vc_col-xs-12 vc_hidden-xs\"><div class=\"vc_column-inner\"><div class=\"wpb_wrapper\"><\/div><\/div><\/div><\/div><div class=\"vc_row wpb_row vc_row-fluid gt-background-position-initial gt-background-attachment-initial gt-overflow-hidden gt-text-default\"><div class=\"wpb_column vc_column_container vc_col-sm-12\"><div class=\"vc_column-inner\"><div class=\"wpb_wrapper\"><div class=\"vc_row wpb_row vc_inner vc_row-fluid\"><div class=\"wpb_column vc_column_container vc_col-sm-4\"><div class=\"vc_column-inner\"><div class=\"wpb_wrapper\"><div class=\"gt-eventchamp-service-box gt-style-1 gt-align-center\"><div class=\"gt-icon\"><i class=\"fa-regular fa-building\"><\/i><\/div><div class=\"gt-title\">\u015eirket<\/div><p>ICF Fuarc\u0131l\u0131k'\u0131n \u00f6ncelikli faaliyet alan\u0131 m\u00fc\u015fterilerine etkin uluslararas\u0131 fuarlar\u0131 yeni pazarlama imkanlar\u0131 olarak sunmakt\u0131r. Global ekonomide yerini g\u00fc\u00e7lendiren T\u00fcrkiye'nin \u00fcretici ve hizmet sa\u011flay\u0131c\u0131lar\u0131n\u0131 s\u0131n\u0131r \u00f6tesi imkanlardan haberdar ederek onlara yeni kazan\u00e7 olanaklar\u0131 sunmak i\u00e7in yola \u00e7\u0131kan ICF Fuarc\u0131l\u0131k alan\u0131nda deneyimli profesyoneller taraf\u0131ndan kurulmu\u015ftur.<\/p>\n<\/div><div class=\"vc_empty_space\"   style=\"height: 30px\"><span class=\"vc_empty_space_inner\"><\/span><\/div><\/div><\/div><\/div><div class=\"wpb_column vc_column_container vc_col-sm-4\"><div class=\"vc_column-inner\"><div class=\"wpb_wrapper\"><div class=\"gt-eventchamp-service-box gt-style-1 gt-align-center\"><div class=\"gt-icon\"><i class=\"fa-solid fa-users-between-lines\"><\/i><\/div><div class=\"gt-title\">Deneyimli Kadro<\/div><p>Bu deneyimli kadro \u00f6ncelikli olarak yurtd\u0131\u015f\u0131 fuarlar\u0131n takibi ve analizi neticesinde, m\u00fc\u015fterilerine uygun etkinlikte ve pazardaki fuarlar\u0131 belirler. Ard\u0131ndan belirlenen bu fuarlar\u0131n T\u00fcrkiye'deki m\u00fc\u015fterilerine tan\u0131t\u0131m\u0131n\u0131 ve pazarlanmas\u0131n\u0131 \u00fcstlenir. Bu fuarlara kat\u0131lacak olan m\u00fc\u015fterilerine de kat\u0131lacaklar\u0131 fuar\u0131n \u00f6ncesinde, fuar esnas\u0131nda ve fuar sonras\u0131nda gerekli destek hizmetlerini sunar.<\/p>\n<\/div><div class=\"vc_empty_space\"   style=\"height: 30px\"><span class=\"vc_empty_space_inner\"><\/span><\/div><\/div><\/div><\/div><div class=\"wpb_column vc_column_container vc_col-sm-4\"><div class=\"vc_column-inner\"><div class=\"wpb_wrapper\"><div class=\"gt-eventchamp-service-box gt-style-1 gt-align-center\"><div class=\"gt-icon\"><i class=\"fa-brands fa-servicestack\"><\/i><\/div><div class=\"gt-title\">Hizmetler<\/div><p>ICF m\u00fc\u015fterilerine yeni i\u015f f\u0131rsatlar\u0131 yaratabilecek yurt d\u0131\u015f\u0131 pazarlara giri\u015f imkan\u0131 veren fuarlar\u0131 belirleyip sunar. Fuar kat\u0131l\u0131m\u0131n\u0131n verimli ve problemsiz ge\u00e7mesi i\u00e7in de destek hizmetlerinde uzman kadrolarla \u00e7\u00f6z\u00fcm ortakl\u0131klar\u0131na giderek \u00e7e\u015fitli hizmetler sunar. Bu hizmetler \u00fclke ve sekt\u00f6r ile ilintili olarak farkl\u0131l\u0131klar g\u00f6sterse de ICF bu farkl\u0131l\u0131klar\u0131n olumsuz etki etmemesini sa\u011flar.<\/p>\n<\/div><div class=\"vc_empty_space\"   style=\"height: 30px\"><span class=\"vc_empty_space_inner\"><\/span><\/div><\/div><\/div><\/div><\/div><div class=\"vc_empty_space\"   style=\"height: 75px\"><span class=\"vc_empty_space_inner\"><\/span><\/div><\/div><\/div><\/div><\/div><div class=\"vc_row wpb_row vc_row-fluid gt-background-position-initial gt-background-attachment-initial gt-overflow-hidden gt-text-default\"><div class=\"wpb_column vc_column_container vc_col-sm-12 vc_col-xs-12\"><div class=\"vc_column-inner\"><div class=\"wpb_wrapper\"><div class=\"gt-heading gt-dark gt-size1 gt-align-center\"><div class=\"gt-title\">ICF Fuarc\u0131l\u0131k <span>Vizyon<\/span><\/div><div class=\"gt-separate\"><div class=\"gt-icon\"><svg xmlns=\"http:\/\/www.w3.org\/2000\/svg\" viewbox=\"0 0 24 24\" fill=\"none\" stroke=\"currentColor\" stroke-width=\"2\" stroke-linecap=\"round\" stroke-linejoin=\"round\"><rect x=\"3\" y=\"4\" width=\"18\" height=\"18\" rx=\"2\" ry=\"2\"><\/rect><line x1=\"16\" y1=\"2\" x2=\"16\" y2=\"6\"><\/line><line x1=\"8\" y1=\"2\" x2=\"8\" y2=\"6\"><\/line><line x1=\"3\" y1=\"10\" x2=\"21\" y2=\"10\"><\/line><\/svg><\/div><\/div><div class=\"gt-text\">21. y\u00fczy\u0131lda t\u00fcm pazarlarda olduk\u00e7a yo\u011fun bir rekabet ya\u015fanmakta ve bu rekabet ortam\u0131nda \u00fcretimden gelen liderlik g\u00fcc\u00fc, yerini pazarlama ve tan\u0131t\u0131m \u00e7al\u0131\u015fmalar\u0131n\u0131n ba\u015far\u0131s\u0131ndan gelen liderli\u011fe b\u0131rakmaktad\u0131r. (MEGEP - Ankara\/2008)<\/div><\/div><div class=\"vc_empty_space\"   style=\"height: 45px\"><span class=\"vc_empty_space_inner\"><\/span><\/div>\n\t<div class=\"wpb_text_column wpb_content_element\" >\n\t\t<div class=\"wpb_wrapper\">\n\t\t\t<p>K\u00fcreselle\u015fme s\u00fcreci, bilgi ileti\u015fim teknolojilerinde ya\u015fanan h\u0131zl\u0131 geli\u015fmeler, \u00fcretim olanaklar\u0131n\u0131n \u00e7ok geni\u015flemi\u015f olmas\u0131 gibi sebeplerle bir i\u015fletmenin ortaya \u00e7\u0131kard\u0131\u011f\u0131 en h\u0131zl\u0131, kaliteli ve d\u00fc\u015f\u00fck maliyetli bir \u00fcretimin y\u00f6ntemi, \u00e7ok k\u0131sa bir s\u00fcre i\u00e7erisinde di\u011fer i\u015fletmeler i\u00e7in de bir \u00fcretim standard\u0131 olu\u015fturmakta ve \u00fcr\u00fcn hizmet kalitesi a\u00e7\u0131s\u0131ndan i\u015fletmeler aras\u0131 farklar giderek yok olmaktad\u0131r.<\/p>\n<p>Bu tip geli\u015fim ve de\u011fi\u015fimlerin ya\u015fand\u0131\u011f\u0131 bir d\u00f6nemde art\u0131k t\u00fcketicilerin zihninde farkl\u0131 bir konum ve de\u011fer yaratabilen i\u015fletmeler pazardaki paylar\u0131n\u0131 koruyabilmekte ve ilerleme kaydedebilmektedir. \u0130\u015fte bu noktada firmalar\u0131n y\u00fcr\u00fctt\u00fckleri pazarlama ve tan\u0131t\u0131m aktivitelerinin \u00e7ok \u00f6nemli bir rol\u00fc bulunmaktad\u0131r. B\u00f6ylesi bir pazar ortam\u0131nda da ticari ihtisas fuarlar\u0131na kat\u0131l\u0131m, firmalara olduk\u00e7a \u00f6nemli avantajlar sunmakta ve hem pazarlama hem de tan\u0131t\u0131m aktivitelerini bir arada y\u00fcr\u00fctmelerine olanak sa\u011flamaktad\u0131r.<\/p>\n<p>ICF Fuarc\u0131l\u0131k, d\u00fcnyan\u0131n yava\u015f yava\u015f tek pazar olmaya do\u011fru ilerleyi\u015finde T\u00fcrk firmalar\u0131n\u0131n bu tek pazardan maksimum verim elde etmelerine y\u00f6nelik giri\u015fimlerine destek vermek ve bu anlamda uygun pazarlarda etkin fuarlar\u0131n tan\u0131t\u0131m\u0131n\u0131 ve pazarlamas\u0131n\u0131 \u00fcstlenmek amac\u0131yla kuruldu.<\/p>\n<p>2009 y\u0131l\u0131nda hayata g\u00f6zlerini a\u00e7an ICF, fuarc\u0131l\u0131k sekt\u00f6r\u00fcn\u00fcn deneyimli bireyleri taraf\u0131ndan faal hale getirildi. Kuruldu\u011fu g\u00fcnden bu yana Orta Do\u011fu (Irak, \u0130ran, Suudi Arabistan), Balkanlar (S\u0131rbistan), Rusya, Kuzey Afrika (Cezayir, M\u0131s\u0131r, Libya) gibi b\u00f6lgelerde \u00e7e\u015fitli sekt\u00f6rlerdeki ihtisas ve genel ticaret fuarlar\u0131n\u0131n pazarlamas\u0131n\u0131 ve T\u00fcrkiye organizasyonunu \u00fcstlendi.<\/p>\n<p>ICF, temel prensiplerinden \u00f6d\u00fcn vermeden, T\u00fcrk ticaret hayat\u0131na yeni m\u00fc\u015fteriler ve pazarlar bulmak ama\u00e7l\u0131 faaliyetlerini s\u00fcrd\u00fcrmektedir ve s\u00fcrd\u00fcrmeye devam edecektir.<\/p>\n\n\t\t<\/div>\n\t<\/div>\n<div class=\"vc_empty_space\"   style=\"height: 25px\"><span class=\"vc_empty_space_inner\"><\/span><\/div><div class=\"vc_separator wpb_content_element vc_separator_align_center vc_sep_width_100 vc_sep_pos_align_center vc_separator_no_text vc_sep_color_grey wpb_content_element  wpb_content_element\" ><span class=\"vc_sep_holder vc_sep_holder_l\"><span class=\"vc_sep_line\"><\/span><\/span><span class=\"vc_sep_holder vc_sep_holder_r\"><span class=\"vc_sep_line\"><\/span><\/span>\n<\/div><div class=\"vc_empty_space\"   style=\"height: 45px\"><span class=\"vc_empty_space_inner\"><\/span><\/div><\/div><\/div><\/div><\/div><div data-vc-full-width=\"true\" data-vc-full-width-init=\"false\" data-vc-stretch-content=\"true\" class=\"vc_row wpb_row vc_row-fluid gt-background-position-initial gt-background-attachment-initial gt-overflow-hidden gt-text-default\"><div class=\"wpb_column vc_column_container vc_col-sm-12\"><div class=\"vc_column-inner\"><div class=\"wpb_wrapper\"><div class=\"gt-heading gt-dark gt-size1 gt-align-center\"><div class=\"gt-title\">ICF Fuarc\u0131l\u0131k <span>Logolar<\/span><\/div><div class=\"gt-separate\"><div class=\"gt-icon\"><svg xmlns=\"http:\/\/www.w3.org\/2000\/svg\" viewbox=\"0 0 24 24\" fill=\"none\" stroke=\"currentColor\" stroke-width=\"2\" stroke-linecap=\"round\" stroke-linejoin=\"round\"><rect x=\"3\" y=\"4\" width=\"18\" height=\"18\" rx=\"2\" ry=\"2\"><\/rect><line x1=\"16\" y1=\"2\" x2=\"16\" y2=\"6\"><\/line><line x1=\"8\" y1=\"2\" x2=\"8\" y2=\"6\"><\/line><line x1=\"3\" y1=\"10\" x2=\"21\" y2=\"10\"><\/line><\/svg><\/div><\/div><\/div><div class=\"vc_empty_space\"   style=\"height: 45px\"><span class=\"vc_empty_space_inner\"><\/span><\/div><\/div><\/div><\/div><\/div><div class=\"vc_row-full-width vc_clearfix\"><\/div><div data-vc-full-width=\"true\" data-vc-full-width-init=\"false\" data-vc-stretch-content=\"true\" class=\"vc_row wpb_row vc_row-fluid gt-background-position-initial gt-background-attachment-initial gt-overflow-hidden gt-text-default\"><div class=\"wpb_column vc_column_container vc_col-sm-3\"><div class=\"vc_column-inner\"><div class=\"wpb_wrapper\"><\/div><\/div><\/div><div class=\"wpb_column vc_column_container vc_col-sm-2\"><div class=\"vc_column-inner\"><div class=\"wpb_wrapper\"><\/div><\/div><\/div><div class=\"wpb_column vc_column_container vc_col-sm-1\"><div class=\"vc_column-inner\"><div class=\"wpb_wrapper\">\n\t<div  class=\"wpb_single_image wpb_content_element vc_align_left wpb_content_element\">\n\t\t\n\t\t<figure class=\"wpb_wrapper vc_figure\">\n\t\t\t<a href=\"https:\/\/www.icffair.com\/wp-content\/uploads\/2024\/10\/icf-logo-tur-buyuk.jpg\" target=\"_blank\" class=\"vc_single_image-wrapper vc_box_rounded  vc_box_border_grey\"><img loading=\"lazy\" decoding=\"async\" width=\"150\" height=\"150\" src=\"https:\/\/www.icffair.com\/wp-content\/uploads\/2024\/10\/jpg-1-150x150.png\" class=\"vc_single_image-img attachment-thumbnail\" alt=\"\" title=\"jpg-1\" srcset=\"https:\/\/www.icffair.com\/wp-content\/uploads\/2024\/10\/jpg-1-150x150.png 150w, https:\/\/www.icffair.com\/wp-content\/uploads\/2024\/10\/jpg-1-350x350.png 350w, https:\/\/www.icffair.com\/wp-content\/uploads\/2024\/10\/jpg-1-85x85.png 85w, https:\/\/www.icffair.com\/wp-content\/uploads\/2024\/10\/jpg-1-300x300.png 300w, https:\/\/www.icffair.com\/wp-content\/uploads\/2024\/10\/jpg-1-100x100.png 100w\" sizes=\"auto, (max-width: 150px) 100vw, 150px\" \/><\/a>\n\t\t<\/figure>\n\t<\/div>\n<div class=\"vc_empty_space\"   style=\"height: 15px\"><span class=\"vc_empty_space_inner\"><\/span><\/div><\/div><\/div><\/div><div class=\"wpb_column vc_column_container vc_col-sm-1\"><div class=\"vc_column-inner\"><div class=\"wpb_wrapper\">\n\t<div  class=\"wpb_single_image wpb_content_element vc_align_left wpb_content_element\">\n\t\t\n\t\t<figure class=\"wpb_wrapper vc_figure\">\n\t\t\t<a href=\"https:\/\/www.icffair.com\/wp-content\/uploads\/2024\/10\/logo-tr.pdf\" target=\"_blank\" class=\"vc_single_image-wrapper vc_box_rounded  vc_box_border_grey\"><img loading=\"lazy\" decoding=\"async\" width=\"150\" height=\"150\" src=\"https:\/\/www.icffair.com\/wp-content\/uploads\/2024\/10\/pdf-150x150.png\" class=\"vc_single_image-img attachment-thumbnail\" alt=\"\" title=\"pdf\" srcset=\"https:\/\/www.icffair.com\/wp-content\/uploads\/2024\/10\/pdf-150x150.png 150w, https:\/\/www.icffair.com\/wp-content\/uploads\/2024\/10\/pdf-350x350.png 350w, https:\/\/www.icffair.com\/wp-content\/uploads\/2024\/10\/pdf-85x85.png 85w, https:\/\/www.icffair.com\/wp-content\/uploads\/2024\/10\/pdf-300x300.png 300w, https:\/\/www.icffair.com\/wp-content\/uploads\/2024\/10\/pdf-100x100.png 100w\" sizes=\"auto, (max-width: 150px) 100vw, 150px\" \/><\/a>\n\t\t<\/figure>\n\t<\/div>\n<div class=\"vc_empty_space\"   style=\"height: 15px\"><span class=\"vc_empty_space_inner\"><\/span><\/div><\/div><\/div><\/div><div class=\"wpb_column vc_column_container vc_col-sm-2\"><div class=\"vc_column-inner\"><div class=\"wpb_wrapper\"><\/div><\/div><\/div><div class=\"wpb_column vc_column_container vc_col-sm-3\"><div class=\"vc_column-inner\"><div class=\"wpb_wrapper\"><\/div><\/div><\/div><\/div><div class=\"vc_row-full-width vc_clearfix\"><\/div>\n<\/div>","protected":false},"excerpt":{"rendered":"Face-to-face meetings and marketing is still the most effective way to obtain new clients and markets and trade fairs are the most efficient way to achieve this goal. Business without borders is the new mantra of trade in the world...","protected":false},"author":2,"featured_media":0,"parent":0,"menu_order":0,"comment_status":"closed","ping_status":"closed","template":"","meta":{"footnotes":""},"class_list":["post-1569","page","type-page","status-publish","hentry"],"_links":{"self":[{"href":"https:\/\/www.icffair.com\/tr\/wp-json\/wp\/v2\/pages\/1569","targetHints":{"allow":["GET"]}}],"collection":[{"href":"https:\/\/www.icffair.com\/tr\/wp-json\/wp\/v2\/pages"}],"about":[{"href":"https:\/\/www.icffair.com\/tr\/wp-json\/wp\/v2\/types\/page"}],"author":[{"embeddable":true,"href":"https:\/\/www.icffair.com\/tr\/wp-json\/wp\/v2\/users\/2"}],"replies":[{"embeddable":true,"href":"https:\/\/www.icffair.com\/tr\/wp-json\/wp\/v2\/comments?post=1569"}],"version-history":[{"count":58,"href":"https:\/\/www.icffair.com\/tr\/wp-json\/wp\/v2\/pages\/1569\/revisions"}],"predecessor-version":[{"id":4203,"href":"https:\/\/www.icffair.com\/tr\/wp-json\/wp\/v2\/pages\/1569\/revisions\/4203"}],"wp:attachment":[{"href":"https:\/\/www.icffair.com\/tr\/wp-json\/wp\/v2\/media?parent=1569"}],"curies":[{"name":"wp","href":"https:\/\/api.w.org\/{rel}","templated":true}]}}