{"id":1169,"date":"2018-12-03T16:12:35","date_gmt":"2018-12-03T16:12:35","guid":{"rendered":"https:\/\/demo.gloriathemes.com\/eventchamp\/demo\/?page_id=1169"},"modified":"2024-10-19T06:13:52","modified_gmt":"2024-10-19T03:13:52","slug":"services","status":"publish","type":"page","link":"https:\/\/www.icffair.com\/tr\/services\/","title":{"rendered":"Hizmetler"},"content":{"rendered":"<div class=\"wpb-content-wrapper\"><div class=\"vc_row wpb_row vc_row-fluid gt-background-position-initial gt-background-attachment-initial gt-overflow-hidden gt-text-default\"><div class=\"wpb_column vc_column_container vc_col-sm-12\"><div class=\"vc_column-inner\"><div class=\"wpb_wrapper\"><div class=\"vc_empty_space\"   style=\"height: 15px\"><span class=\"vc_empty_space_inner\"><\/span><\/div><div class=\"gt-heading gt-dark gt-size1 gt-align-center\"><div class=\"gt-title\">Sundu\u011fumuz <span>Hizmetler<\/span><\/div><div class=\"gt-separate\"><i class=\"fas fa-ticket-alt\"><\/i><\/div><div class=\"gt-text\">Fuar organizasyonu, fuar \u00f6ncesi, fuar s\u0131ras\u0131nda ve fuar sonras\u0131nda pek \u00e7ok konuda karar vermeyi gerektiren karma\u015f\u0131k bir olaylar b\u00fct\u00fcn\u00fcd\u00fcr. M\u00fc\u015fterilerimizin hedeflerine ula\u015fmas\u0131n\u0131 sa\u011flamak i\u00e7in bir\u00e7ok hizmet sunuyoruz.<\/div><\/div><div class=\"vc_empty_space\"   style=\"height: 90px\"><span class=\"vc_empty_space_inner\"><\/span><\/div><\/div><\/div><\/div><\/div><div class=\"vc_row wpb_row vc_row-fluid gt-background-position-initial gt-background-attachment-initial gt-overflow-hidden gt-text-default\"><div class=\"wpb_column vc_column_container vc_col-sm-3\"><div class=\"vc_column-inner\"><div class=\"wpb_wrapper\"><div class=\"vc_empty_space\"   style=\"height: 15px\"><span class=\"vc_empty_space_inner\"><\/span><\/div><div class=\"gt-eventchamp-service-box gt-style-1 gt-align-center\"><div class=\"gt-icon\"><svg xmlns=\"http:\/\/www.w3.org\/2000\/svg\" viewbox=\"0 0 24 24\" fill=\"none\" stroke=\"currentColor\" stroke-width=\"1\" stroke-linecap=\"round\" stroke-linejoin=\"round\"><polygon points=\"1 6 1 22 8 18 16 22 23 18 23 2 16 6 8 2 1 6\"><\/polygon><line x1=\"8\" y1=\"2\" x2=\"8\" y2=\"18\"><\/line><line x1=\"16\" y1=\"6\" x2=\"16\" y2=\"22\"><\/line><\/svg><\/div><div class=\"gt-title\">Fuar Stand\u0131<\/div><p>Fuar stand\u0131 \u015firketler i\u00e7in bir kartvizit gibidir. Boyutu ve tasar\u0131m\u0131 marka ve \u015firket kimli\u011fini yans\u0131tacakt\u0131r. Bu y\u00fczden olabildi\u011fince kusursuz olmal\u0131d\u0131r.<\/p>\n<\/div><div class=\"vc_empty_space\"   style=\"height: 15px\"><span class=\"vc_empty_space_inner\"><\/span><\/div><\/div><\/div><\/div><div class=\"wpb_column vc_column_container vc_col-sm-3\"><div class=\"vc_column-inner\"><div class=\"wpb_wrapper\"><div class=\"vc_empty_space\"   style=\"height: 15px\"><span class=\"vc_empty_space_inner\"><\/span><\/div><div class=\"gt-eventchamp-service-box gt-style-1 gt-align-center\"><div class=\"gt-icon\"><svg xmlns=\"http:\/\/www.w3.org\/2000\/svg\" viewbox=\"0 0 24 24\" fill=\"none\" stroke=\"currentColor\" stroke-width=\"1\" stroke-linecap=\"round\" stroke-linejoin=\"round\"><path d=\"M12 20h9\"><\/path><path d=\"M16.5 3.5a2.121 2.121 0 0 1 3 3L7 19l-4 1 1-4L16.5 3.5z\"><\/path><\/svg><\/div><div class=\"gt-title\">G\u00fc\u00e7l\u00fc Ortaklar<\/div><p>Firmam\u0131z, m\u00fc\u015fterilerine f\u0131rsatlarla dolu, kazan\u00e7l\u0131 fuarlar sunmak i\u00e7in son derece etkili ve verimli fuar organizat\u00f6rleri ile g\u00fc\u00e7l\u00fc i\u015f ili\u015fkileri kurmaktad\u0131r.<\/p>\n<\/div><div class=\"vc_empty_space\"   style=\"height: 15px\"><span class=\"vc_empty_space_inner\"><\/span><\/div><\/div><\/div><\/div><div class=\"wpb_column vc_column_container vc_col-sm-3\"><div class=\"vc_column-inner\"><div class=\"wpb_wrapper\"><div class=\"vc_empty_space\"   style=\"height: 15px\"><span class=\"vc_empty_space_inner\"><\/span><\/div><div class=\"gt-eventchamp-service-box gt-style-1 gt-align-center\"><div class=\"gt-icon\"><svg xmlns=\"http:\/\/www.w3.org\/2000\/svg\" viewbox=\"0 0 24 24\" fill=\"none\" stroke=\"currentColor\" stroke-width=\"1\" stroke-linecap=\"round\" stroke-linejoin=\"round\"><path d=\"M17 21v-2a4 4 0 0 0-4-4H5a4 4 0 0 0-4 4v2\"><\/path><circle cx=\"9\" cy=\"7\" r=\"4\"><\/circle><path d=\"M23 21v-2a4 4 0 0 0-3-3.87\"><\/path><path d=\"M16 3.13a4 4 0 0 1 0 7.75\"><\/path><\/svg><\/div><div class=\"gt-title\">Personel ve Ekipman<\/div><p>Fuar s\u00fcresince m\u00fc\u015fterilerimize ihtiya\u00e7 duymalar\u0131 halinde terc\u00fcmanl\u0131k hizmeti sa\u011fl\u0131yoruz. Ayr\u0131ca ekstra stand ekipmanlar\u0131 da ICF taraf\u0131ndan sa\u011flanmaktad\u0131r.<\/p>\n<\/div><div class=\"vc_empty_space\"   style=\"height: 15px\"><span class=\"vc_empty_space_inner\"><\/span><\/div><\/div><\/div><\/div><div class=\"wpb_column vc_column_container vc_col-sm-3\"><div class=\"vc_column-inner\"><div class=\"wpb_wrapper\"><div class=\"vc_empty_space\"   style=\"height: 15px\"><span class=\"vc_empty_space_inner\"><\/span><\/div><div class=\"gt-eventchamp-service-box gt-style-1 gt-align-center\"><div class=\"gt-icon\"><svg xmlns=\"http:\/\/www.w3.org\/2000\/svg\" viewbox=\"0 0 24 24\" fill=\"none\" stroke=\"currentColor\" stroke-width=\"1\" stroke-linecap=\"round\" stroke-linejoin=\"round\"><rect x=\"3\" y=\"4\" width=\"18\" height=\"18\" rx=\"2\" ry=\"2\"><\/rect><line x1=\"16\" y1=\"2\" x2=\"16\" y2=\"6\"><\/line><line x1=\"8\" y1=\"2\" x2=\"8\" y2=\"6\"><\/line><line x1=\"3\" y1=\"10\" x2=\"21\" y2=\"10\"><\/line><\/svg><\/div><div class=\"gt-title\">Etkili Projeler<\/div><p>Fuar \u00f6ncesi etkinliklerin en \u00f6nemli unsurlar\u0131ndan ikisi turizm ve ula\u015f\u0131md\u0131r. Bu iki hususta etkili bir proje ger\u00e7ekle\u015ftirilmezse ciddi hayal k\u0131r\u0131kl\u0131klar\u0131 ya\u015fanabilir.<\/p>\n<\/div><div class=\"vc_empty_space\"   style=\"height: 15px\"><span class=\"vc_empty_space_inner\"><\/span><\/div><\/div><\/div><\/div><\/div><div class=\"vc_row wpb_row vc_row-fluid gt-background-position-initial gt-background-attachment-initial gt-overflow-hidden gt-text-default\"><div class=\"wpb_column vc_column_container vc_col-sm-12\"><div class=\"vc_column-inner\"><div class=\"wpb_wrapper\"><div class=\"vc_empty_space\"   style=\"height: 115px\"><span class=\"vc_empty_space_inner\"><\/span><\/div><\/div><\/div><\/div><\/div><div data-vc-full-width=\"true\" data-vc-full-width-init=\"false\" class=\"vc_row wpb_row vc_row-fluid vc_custom_1683377334230 vc_row-has-fill gt-background-position-initial gt-background-attachment-initial gt-overflow-hidden gt-text-default\"><div class=\"wpb_column vc_column_container vc_col-sm-4 vc_col-has-fill gt-background-position-initial gt-background-attachment-initial gt-text-center\"><div class=\"vc_column-inner vc_custom_1729305675855\"><div class=\"wpb_wrapper\"><div class=\"gt-heading gt-dark gt-size2 gt-align-center\"><div class=\"gt-title\">Fuar <span>Hizmetleri<\/span><\/div><div class=\"gt-separate\"><i class=\"fas fa-ticket-alt\"><\/i><\/div><div class=\"gt-text\">Fuar kay\u0131t i\u015flemlerinin yap\u0131lmas\u0131, stant proje onaylar\u0131n\u0131n al\u0131nmas\u0131, stant kurulumu, ekstra stant malzemesi temini, fuar katalo\u011funa giri\u015f ve katalog reklamlar\u0131 ile fuara ili\u015fkin t\u00fcm hizmetlerin y\u00fcr\u00fct\u00fclmesi...<\/div><\/div><div class=\"vc_empty_space\"   style=\"height: 15px\"><span class=\"vc_empty_space_inner\"><\/span><\/div><div class=\"gt-button gt-style-1 gt-align-center gt-inline-true gt-margin-false\"><a data-toggle=\"modal\" data-target=\"#modal-24222\"><i class=\"fa-regular fa-building\"><\/i><span>Fuar Hizmetleri<\/span><\/a><\/div><div class=\"modal fade gt-modal gt-large-modal gt-modal-button-modal\" id=\"modal-24222\" tabindex=\"-6\" role=\"dialog\" aria-labelledby=\"modal-24222-label\"><div class=\"modal-dialog gt-modal-dialog modal-dialog-centered\" role=\"document\"><div class=\"modal-content gt-modal-content\"><div class=\"modal-header gt-modal-header\"><div class=\"gt-modal-title\">Fuar Hizmetleri<\/div><button type=\"button\" class=\"gt-close\" data-dismiss=\"modal\" aria-label=\"Close\"><svg version=\"1.1\" xmlns=\"https:\/\/www.w3.org\/2000\/svg\" xmlns:xlink=\"http:\/\/www.w3.org\/1999\/xlink\" x=\"0px\" y=\"0px\" viewbox=\"0 0 371.23 371.23\" xml:space=\"preserve\"> <polygon points=\"371.23,21.213 350.018,0 185.615,164.402 21.213,0 0,21.213 164.402,185.615 0,350.018 21.213,371.23 185.615,206.828 350.018,371.23 371.23,350.018 206.828,185.615 \"\/> <g> <\/g> <g> <\/g> <g> <\/g> <g> <\/g> <g> <\/g> <g> <\/g> <g> <\/g> <g> <\/g> <g> <\/g> <g> <\/g> <g> <\/g> <g> <\/g> <g> <\/g> <g> <\/g> <g> <\/g> <\/svg><\/button><\/div><div class=\"modal-body gt-modal-body\"><div class=\"gt-modal-inner-content\"><\/p>\n<blockquote>\n<p>Fuar organizasyonu, fuar \u00f6ncesi, fuar s\u0131ras\u0131nda ve fuar sonras\u0131nda pek \u00e7ok konuda karar vermeyi gerektiren karma\u015f\u0131k bir olaylar b\u00fct\u00fcn\u00fcd\u00fcr. Fuara kat\u0131lan kat\u0131l\u0131mc\u0131 ve ziyaret\u00e7ilerin ihtiya\u00e7lar\u0131n\u0131, beklentilerini g\u00f6z \u00f6n\u00fcnde bulundurarak fuar alan\u0131n\u0131n, zaman\u0131n belirlenmesi, fuar\u0131n yap\u0131labilmesi i\u00e7in gerekli olan t\u00fcm alt ve \u00fcst yap\u0131n\u0131n olu\u015fturulmas\u0131 \u00e7abalar\u0131 bu konuda uzmanla\u015fm\u0131\u015f fuar organizasyon firmalar\u0131 taraf\u0131ndan ger\u00e7ekle\u015ftirilir.<\/p>\n<\/blockquote>\n<p><img loading=\"lazy\" decoding=\"async\" class=\"aligncenter wp-image-4781 size-full\" src=\"https:\/\/www.icffair.com\/wp-content\/uploads\/2024\/10\/fuarhiz3.jpg\" alt=\"\" width=\"1200\" height=\"427\" srcset=\"https:\/\/www.icffair.com\/wp-content\/uploads\/2024\/10\/fuarhiz3.jpg 1200w, https:\/\/www.icffair.com\/wp-content\/uploads\/2024\/10\/fuarhiz3-300x107.jpg 300w, https:\/\/www.icffair.com\/wp-content\/uploads\/2024\/10\/fuarhiz3-1024x364.jpg 1024w, https:\/\/www.icffair.com\/wp-content\/uploads\/2024\/10\/fuarhiz3-768x273.jpg 768w, https:\/\/www.icffair.com\/wp-content\/uploads\/2024\/10\/fuarhiz3-18x6.jpg 18w\" sizes=\"auto, (max-width: 1200px) 100vw, 1200px\" \/><\/p>\n<p>Firmam\u0131z, m\u00fc\u015fterilerine f\u0131rsatlarla dolu, kazan\u00e7l\u0131 fuarlar sunmak i\u00e7in son derece etkili ve verimli fuar organizat\u00f6rleri ile g\u00fc\u00e7l\u00fc i\u015f ili\u015fkileri kurmaktad\u0131r.<\/p>\n<p>Gerekli ara\u015ft\u0131rmalar\u0131 yaparak, yer ve zaman\u0131 sekt\u00f6r ihtiya\u00e7lar\u0131na g\u00f6re belirlenmi\u015f fuarlar\u0131 m\u00fc\u015fterilerimize sunar\u0131z. Fuarlar\u0131n ba\u015far\u0131 \u015fans\u0131n\u0131 y\u00fckseltmek ad\u0131na organizat\u00f6r firman\u0131n gerekli altyap\u0131y\u0131, tan\u0131t\u0131m\u0131 ve rekl\u00e2m \u00e7al\u0131\u015fmalar\u0131n\u0131 yeterli \u015fekilde ger\u00e7ekle\u015ftirmesi hususunda destek sa\u011flar\u0131z.<\/p>\n<p>Fuardan \u00f6nce kay\u0131t i\u015flemlerinin y\u00fcr\u00fct\u00fclmesi, fuar katalo\u011funa giri\u015f ve katalog reklam\u0131; fuar esnas\u0131nda ise has\u0131l olabilecek ihtiya\u00e7lara binaen terc\u00fcman ve malzeme temini de sunulan hizmetler aras\u0131ndad\u0131r. Ayr\u0131ca giri\u015f kart\u0131 ve davetiyelerin temini de ICF taraf\u0131ndan ger\u00e7ekle\u015ftirilmektedir. Kat\u0131l\u0131mc\u0131 firmalar kat\u0131lacaklar\u0131 fuarlarda ba\u015far\u0131l\u0131 bir deneyim ya\u015famak yapmak istiyorlarsa, geni\u015f kapsaml\u0131 ve \u00e7ok \u00f6nceden iyi bir planlama yapmal\u0131d\u0131r. Bu planlama a\u015famas\u0131nda yine tecr\u00fcbe ve know-how hizmetleri m\u00fc\u015fterilerimize sunulmaktad\u0131r.<\/p>\n<p>Kat\u0131l\u0131mc\u0131lar, fuarda ba\u015far\u0131l\u0131 bir pazarlama etkinli\u011fi deneyimlemek istiyorlarsa fuardan \u00f6nce kapsaml\u0131 bir ara\u015ft\u0131rma ve planlama yapmal\u0131d\u0131rlar. Bu a\u015famada firmam\u0131z, m\u00fc\u015fterileriyle bilgi birikimini payla\u015farak dan\u0131\u015fmanl\u0131k hizmeti de sunmaktad\u0131r.<\/p>\n<p>Fuar\u0131n d\u00fczenlenece\u011fi sekt\u00f6rle ilgili de\u011fi\u015fim ve geli\u015fmeleri yak\u0131ndan takip etmek; d\u00fczenlenen fuarla ilgili dernek, kurum vb. iyi bir ileti\u015fim kurmak, fuar pazarlama ve tan\u0131t\u0131m \u00e7al\u0131\u015fmalar\u0131na y\u00f6n vermek, sekt\u00f6re uygun tan\u0131t\u0131m ve reklam faaliyetleri ile ilgili fikir ve eylem \u00fcretmek de yine fuar hizmetlerimiz kapsam\u0131ndad\u0131r.<\/p>\n<p>Organizasyondan sonra s\u00fcrd\u00fcr\u00fclen \u00e7al\u0131\u015fmalar\u0131m\u0131zdan biri de kat\u0131l\u0131mc\u0131 firmalarla ilgili eksik kalm\u0131\u015f belge yaz\u0131\u015fma vb. evraklar\u0131n d\u00fczenlenmesi, firmalar\u0131n kalan \u00f6demeleri ve te\u015fvik i\u015flemleri ile ilgili takibin yap\u0131lmas\u0131d\u0131r.<\/p>\n<\/div><\/div><\/div><\/div><\/div><div class=\"vc_empty_space\"   style=\"height: 30px\"><span class=\"vc_empty_space_inner\"><\/span><\/div><\/div><\/div><\/div><div class=\"wpb_column vc_column_container vc_col-sm-4 vc_col-has-fill gt-background-position-initial gt-background-attachment-initial gt-text-center\"><div class=\"vc_column-inner vc_custom_1729305670876\"><div class=\"wpb_wrapper\"><div class=\"gt-heading gt-dark gt-size2 gt-align-center\"><div class=\"gt-title\">Turizm &amp; Nakliye <span>Hizmetleri<\/span><\/div><div class=\"gt-separate\"><i class=\"fas fa-ticket-alt\"><\/i><\/div><div class=\"gt-text\">Fuarlarda turizm, ula\u015f\u0131m \u00e7ok \u00f6nemlidir. En iyi hizmeti sunmak i\u00e7in m\u00fc\u015fterilerimize turizm ve ula\u015f\u0131m konusunda dan\u0131\u015fmanl\u0131k yap\u0131yoruz. ilgili fuarlar\u0131n b\u00f6lgelerinde profesyonel ve deneyimli \u00e7\u00f6z\u00fcm ortaklar\u0131 ile \u00e7al\u0131\u015f\u0131yoruz.<\/div><\/div><div class=\"vc_empty_space\"   style=\"height: 15px\"><span class=\"vc_empty_space_inner\"><\/span><\/div><div class=\"gt-button gt-style-1 gt-align-center gt-inline-true gt-margin-false\"><a data-toggle=\"modal\" data-target=\"#modal-28606\"><i class=\"fa-solid fa-plane\"><\/i><span>Turizm &amp; Nakliye Hizmetleri<\/span><\/a><\/div><div class=\"modal fade gt-modal gt-large-modal gt-modal-button-modal\" id=\"modal-28606\" tabindex=\"-6\" role=\"dialog\" aria-labelledby=\"modal-28606-label\"><div class=\"modal-dialog gt-modal-dialog modal-dialog-centered\" role=\"document\"><div class=\"modal-content gt-modal-content\"><div class=\"modal-header gt-modal-header\"><div class=\"gt-modal-title\">Turizm &amp; Nakliye Hizmetleri<\/div><button type=\"button\" class=\"gt-close\" data-dismiss=\"modal\" aria-label=\"Close\"><svg version=\"1.1\" xmlns=\"https:\/\/www.w3.org\/2000\/svg\" xmlns:xlink=\"http:\/\/www.w3.org\/1999\/xlink\" x=\"0px\" y=\"0px\" viewbox=\"0 0 371.23 371.23\" xml:space=\"preserve\"> <polygon points=\"371.23,21.213 350.018,0 185.615,164.402 21.213,0 0,21.213 164.402,185.615 0,350.018 21.213,371.23 185.615,206.828 350.018,371.23 371.23,350.018 206.828,185.615 \"\/> <g> <\/g> <g> <\/g> <g> <\/g> <g> <\/g> <g> <\/g> <g> <\/g> <g> <\/g> <g> <\/g> <g> <\/g> <g> <\/g> <g> <\/g> <g> <\/g> <g> <\/g> <g> <\/g> <g> <\/g> <\/svg><\/button><\/div><div class=\"modal-body gt-modal-body\"><div class=\"gt-modal-inner-content\"><\/p>\n<blockquote>\n<p>Fuar organizasyonunda, fuar \u00f6ncesi aktivitelerin en \u00f6nemlileri belki de fuar turizmi ve nakliyesidir. Bu aktiviteler gerekli \u015fekilde planlanmaz ve ger\u00e7ekle\u015ftirilmezse fuar ba\u015flamadan biter.<\/p>\n<\/blockquote>\n<p><img loading=\"lazy\" decoding=\"async\" class=\"wp-image-4772 size-full\" src=\"https:\/\/www.icffair.com\/wp-content\/uploads\/2024\/10\/turnakhiz1.jpg\" alt=\"\" width=\"1200\" height=\"427\" srcset=\"https:\/\/www.icffair.com\/wp-content\/uploads\/2024\/10\/turnakhiz1.jpg 1200w, https:\/\/www.icffair.com\/wp-content\/uploads\/2024\/10\/turnakhiz1-300x107.jpg 300w, https:\/\/www.icffair.com\/wp-content\/uploads\/2024\/10\/turnakhiz1-1024x364.jpg 1024w, https:\/\/www.icffair.com\/wp-content\/uploads\/2024\/10\/turnakhiz1-768x273.jpg 768w, https:\/\/www.icffair.com\/wp-content\/uploads\/2024\/10\/turnakhiz1-18x6.jpg 18w\" sizes=\"auto, (max-width: 1200px) 100vw, 1200px\" \/><\/p>\n<p>Fuar Nakliyesi Hizmetimiz a\u015fa\u011f\u0131daki temel unsurlardan olu\u015fur:<\/p>\n<p><i class=\"fa fa-chevron-right\"><\/i> Ta\u015f\u0131nacak mallar\u0131n nakliye partnerimizin deposuna teslimi veya adresinizden al\u0131nmas\u0131<br \/>\n<i class=\"fa fa-chevron-right\"><\/i> Mallar\u0131n tercih edilen ta\u015f\u0131ma \u015fekli ile nakliyesi<br \/>\n<i class=\"fa fa-chevron-right\"><\/i> \u0130lgili \u00fclkedeki g\u00fcmr\u00fck i\u015flemleri<br \/>\n<i class=\"fa fa-chevron-right\"><\/i> \u00dcr\u00fcnlerin standa teslimi<br \/>\n<i class=\"fa fa-chevron-right\"><\/i> Bo\u015f Kasalar\u0131n fuar s\u00fcresince depolanmas\u0131<br \/>\n<i class=\"fa fa-chevron-right\"><\/i> Bo\u015f kasalar\u0131n fuar sonras\u0131nda stand\u0131n\u0131za getirilmesi<br \/>\n<i class=\"fa fa-chevron-right\"><\/i> Kasalar\u0131n\u0131z\u0131n stand\u0131n\u0131zdan al\u0131narak y\u00fcklenmesi<br \/>\n<i class=\"fa fa-chevron-right\"><\/i> Yurtd\u0131\u015f\u0131 g\u00fcmr\u00fck i\u015flemleri yap\u0131larak T\u00fcrkiye geri nakliyesi<\/p>\n<p>Fuar nakliyesi kadar \u00f6nemli bir di\u011fer husus da fuar turudur. Alan\u0131nda uzman \u00e7\u00f6z\u00fcm orta\u011f\u0131m\u0131zla turizm hizmetlerini m\u00fc\u015fterilerimize sunmaktay\u0131z. Bu hizmetler fuar\u0131n yap\u0131ld\u0131\u011f\u0131 \u00fclke ve \u015fehre g\u00f6re k\u00fc\u00e7\u00fck de\u011fi\u015fiklikler g\u00f6sterse de kat\u0131l\u0131mc\u0131lar\u0131m\u0131z\u0131n rahat\u0131 ve konforu her zaman birinci \u00f6ncelikte yer al\u0131r. Turizm hizmetimiz ana ba\u015fl\u0131klar halinde a\u015fa\u011f\u0131daki hususlardan olu\u015fur:<\/p>\n<p><i class=\"fa fa-chevron-right\"><\/i> Vize \u0130\u015flemleri<br \/>\n<i class=\"fa fa-chevron-right\"><\/i> 4 ya da 5 y\u0131ld\u0131zl\u0131 otellerde konaklama<br \/>\n<i class=\"fa fa-chevron-right\"><\/i> Havaalan\u0131 - Otel - Havaalan\u0131 transferleri<br \/>\n<i class=\"fa fa-chevron-right\"><\/i> Otel - Fuar Alan\u0131 - Otel transferleri<br \/>\n<i class=\"fa fa-chevron-right\"><\/i> Yerel terc\u00fcman ve rehberlik hizmeti<\/p>\n<p>Fuar sonras\u0131 te\u015fvik i\u015flemlerinde turizm ve nakliye harcamalar\u0131n\u0131n te\u015fvik kapsam\u0131nda olan k\u0131s\u0131mlar\u0131yla ilgili i\u015flemlerde verdi\u011fimiz destek de yine hizmetlerimiz aras\u0131ndad\u0131r.<\/p>\n<\/div><\/div><\/div><\/div><\/div><div class=\"vc_empty_space\"   style=\"height: 30px\"><span class=\"vc_empty_space_inner\"><\/span><\/div><\/div><\/div><\/div><div class=\"wpb_column vc_column_container vc_col-sm-4 vc_col-has-fill gt-background-position-initial gt-background-attachment-initial gt-text-center\"><div class=\"vc_column-inner vc_custom_1729305642845\"><div class=\"wpb_wrapper\"><div class=\"gt-heading gt-dark gt-size2 gt-align-center\"><div class=\"gt-title\">Stant <span>Hizmetleri<\/span><\/div><div class=\"gt-separate\"><i class=\"fas fa-ticket-alt\"><\/i><\/div><div class=\"gt-text\">Fuar stand\u0131 konusunda dan\u0131\u015fmanl\u0131k sunuyoruz. Proje onay\u0131, ekstra malzemelerin tedariki bu hizmetin bir par\u00e7as\u0131. m\u00fc\u015fterilerimizin isteklerini kar\u015f\u0131layan \u00f6zel fuar stand\u0131 tasar\u0131mlar\u0131 ve projeleri de sa\u011flayabiliyoruz.<\/div><\/div><div class=\"vc_empty_space\"   style=\"height: 15px\"><span class=\"vc_empty_space_inner\"><\/span><\/div><div class=\"gt-button gt-style-1 gt-align-center gt-inline-true gt-margin-false\"><a data-toggle=\"modal\" data-target=\"#modal-55604\"><i class=\"fa-solid fa-store\"><\/i><span>Stant Hizmetleri<\/span><\/a><\/div><div class=\"modal fade gt-modal gt-large-modal gt-modal-button-modal\" id=\"modal-55604\" tabindex=\"-6\" role=\"dialog\" aria-labelledby=\"modal-55604-label\"><div class=\"modal-dialog gt-modal-dialog modal-dialog-centered\" role=\"document\"><div class=\"modal-content gt-modal-content\"><div class=\"modal-header gt-modal-header\"><div class=\"gt-modal-title\">Stant Hizmetleri<\/div><button type=\"button\" class=\"gt-close\" data-dismiss=\"modal\" aria-label=\"Close\"><svg version=\"1.1\" xmlns=\"https:\/\/www.w3.org\/2000\/svg\" xmlns:xlink=\"http:\/\/www.w3.org\/1999\/xlink\" x=\"0px\" y=\"0px\" viewbox=\"0 0 371.23 371.23\" xml:space=\"preserve\"> <polygon points=\"371.23,21.213 350.018,0 185.615,164.402 21.213,0 0,21.213 164.402,185.615 0,350.018 21.213,371.23 185.615,206.828 350.018,371.23 371.23,350.018 206.828,185.615 \"\/> <g> <\/g> <g> <\/g> <g> <\/g> <g> <\/g> <g> <\/g> <g> <\/g> <g> <\/g> <g> <\/g> <g> <\/g> <g> <\/g> <g> <\/g> <g> <\/g> <g> <\/g> <g> <\/g> <g> <\/g> <\/svg><\/button><\/div><div class=\"modal-body gt-modal-body\"><div class=\"gt-modal-inner-content\"><\/p>\n<blockquote>\n<p>Fuar stantlar\u0131 firmalar\u0131n kartviziti gibidir. B\u00fcy\u00fckl\u00fc\u011f\u00fc ve tasar\u0131m\u0131 ile \u00fcr\u00fcn kimli\u011fini ve firman\u0131n \u00f6nemini yans\u0131t\u0131r. Dolay\u0131s\u0131yla m\u00fcmk\u00fcn oldu\u011fu kadar kusursuz olmal\u0131,ziyaret\u00e7inin b\u00fct\u00fcn duyular\u0131na hitap etmelidir. Fuarlarda ziyaret\u00e7ilerin ilgisini \u00e7ekmek i\u00e7in en \u00e7ok ihtiya\u00e7 duyulan \u015fey elbette iyi bir fuar stand\u0131d\u0131r.<\/p>\n<\/blockquote>\n<p><img loading=\"lazy\" decoding=\"async\" class=\"wp-image-4779 size-full aligncenter\" src=\"https:\/\/www.icffair.com\/wp-content\/uploads\/2024\/10\/standhiz1.jpg\" alt=\"\" width=\"1200\" height=\"427\" srcset=\"https:\/\/www.icffair.com\/wp-content\/uploads\/2024\/10\/standhiz1.jpg 1200w, https:\/\/www.icffair.com\/wp-content\/uploads\/2024\/10\/standhiz1-300x107.jpg 300w, https:\/\/www.icffair.com\/wp-content\/uploads\/2024\/10\/standhiz1-1024x364.jpg 1024w, https:\/\/www.icffair.com\/wp-content\/uploads\/2024\/10\/standhiz1-768x273.jpg 768w, https:\/\/www.icffair.com\/wp-content\/uploads\/2024\/10\/standhiz1-18x6.jpg 18w\" sizes=\"auto, (max-width: 1200px) 100vw, 1200px\" \/><\/p>\n<p>Stantlar:<\/p>\n<p><i class=\"fa fa-chevron-right\"><\/i> Abart\u0131l\u0131 olmadan etkileyici olabilir.<br \/>\n<i class=\"fa fa-chevron-right\"><\/i> Fakir g\u00f6r\u00fcnmeden m\u00fctevaz\u0131 olabilir.<br \/>\n<i class=\"fa fa-chevron-right\"><\/i> G\u00f6z al\u0131c\u0131 olmadan davetk\u00e2r olabilir.<br \/>\n<i class=\"fa fa-chevron-right\"><\/i> \u0130tici olmadan \u00fcr\u00fcn\u00fc \u00f6n plana \u00e7\u0131karabilir.<br \/>\n<i class=\"fa fa-chevron-right\"><\/i> Panay\u0131r g\u00f6r\u00fcnt\u00fcs\u00fc vermeden aktivite merkezi olabilir.<\/p>\n<p>Stantlar temel olarak d\u00f6rt kategoride yap\u0131l\u0131rlar:<\/p>\n<p><i class=\"fa fa-chevron-right\"><\/i> Standart (paket) stantlar: Organizat\u00f6r firman\u0131n, fuar\u0131n genel yap\u0131\u015fma uygun olarak belirlemi\u015f oldu\u011fu, kat\u0131l\u0131mc\u0131n\u0131n muhtemel ihtiya\u00e7lar\u0131m (hal\u0131,\u0131\u015f\u0131kland\u0131rma, g\u00f6r\u00fc\u015fme masas\u0131, en az iki adet sandalye, firma ad\u0131 al\u0131nl\u0131k yaz\u0131s\u0131 vb. standart malzemeler), d\u00fc\u015f\u00fcnerek haz\u0131rlad\u0131\u011f\u0131 donan\u0131ml\u0131 stantlard\u0131r.<br \/>\n<i class=\"fa fa-chevron-right\"><\/i> \u00d6zel stantlar: Kat\u0131l\u0131mc\u0131 firman\u0131n kendi talepleri do\u011frultusunda imal ettirdi\u011fi tasar\u0131mlard\u0131r.<br \/>\n<i class=\"fa fa-chevron-right\"><\/i> Mod\u00fcler stant: De\u011fi\u015ftirilebilir, farkl\u0131 kombinasyonlarda uygulanabilir, birbirine uyumlu, montaj\u0131 kolay par\u00e7alardan olu\u015fan stant \u00e7e\u015fididir.<br \/>\n<i class=\"fa fa-chevron-right\"><\/i> \u0130kinci kat imk\u00e2nl\u0131 stantlar: \u00d6zellikle fuarlardaki k\u0131s\u0131tl\u0131 alanlar d\u00fc\u015f\u00fcn\u00fclerek haz\u0131rlan\u0131r ve daha fazla kullan\u0131m mek\u00e2n\u0131 olu\u015fturulabilir.<\/p>\n<p>\u015eirketimiz yine \u00e7\u00f6z\u00fcm ortaklar\u0131 vas\u0131tas\u0131yla bu prensipleri ve m\u00fc\u015fterilerinin ihtiya\u00e7lar\u0131n\u0131 asla unutmadan stant hizmetleri sunmaktad\u0131r.<\/p>\n<\/div><\/div><\/div><\/div><\/div><div class=\"vc_empty_space\"   style=\"height: 30px\"><span class=\"vc_empty_space_inner\"><\/span><\/div><\/div><\/div><\/div><\/div><div class=\"vc_row-full-width vc_clearfix\"><\/div><div class=\"vc_row wpb_row vc_row-fluid gt-background-position-initial gt-background-attachment-initial gt-overflow-hidden gt-text-default\"><div class=\"wpb_column vc_column_container vc_col-sm-12\"><div class=\"vc_column-inner\"><div class=\"wpb_wrapper\"><div class=\"vc_empty_space\"   style=\"height: 30px\"><span class=\"vc_empty_space_inner\"><\/span><\/div><\/div><\/div><\/div><\/div>\n<\/div>","protected":false},"excerpt":{"rendered":"Services We ProvideFair organization is a complicated procedure compilation which involves many important desicions pre-event, during the event and post-event. In order to ensure our clients reach their goals we provide many services.Exhibition standExhibition stand is like a business card...","protected":false},"author":2,"featured_media":0,"parent":0,"menu_order":0,"comment_status":"closed","ping_status":"closed","template":"","meta":{"footnotes":""},"class_list":["post-1169","page","type-page","status-publish","hentry"],"_links":{"self":[{"href":"https:\/\/www.icffair.com\/tr\/wp-json\/wp\/v2\/pages\/1169","targetHints":{"allow":["GET"]}}],"collection":[{"href":"https:\/\/www.icffair.com\/tr\/wp-json\/wp\/v2\/pages"}],"about":[{"href":"https:\/\/www.icffair.com\/tr\/wp-json\/wp\/v2\/types\/page"}],"author":[{"embeddable":true,"href":"https:\/\/www.icffair.com\/tr\/wp-json\/wp\/v2\/users\/2"}],"replies":[{"embeddable":true,"href":"https:\/\/www.icffair.com\/tr\/wp-json\/wp\/v2\/comments?post=1169"}],"version-history":[{"count":109,"href":"https:\/\/www.icffair.com\/tr\/wp-json\/wp\/v2\/pages\/1169\/revisions"}],"predecessor-version":[{"id":4785,"href":"https:\/\/www.icffair.com\/tr\/wp-json\/wp\/v2\/pages\/1169\/revisions\/4785"}],"wp:attachment":[{"href":"https:\/\/www.icffair.com\/tr\/wp-json\/wp\/v2\/media?parent=1169"}],"curies":[{"name":"wp","href":"https:\/\/api.w.org\/{rel}","templated":true}]}}